{"id":2895,"date":"2024-01-06T13:06:02","date_gmt":"2024-01-06T13:06:02","guid":{"rendered":"https:\/\/qrv.xea.temporary.site\/website_6515402a\/?page_id=2895"},"modified":"2024-06-28T12:29:45","modified_gmt":"2024-06-28T12:29:45","slug":"services","status":"publish","type":"page","link":"https:\/\/adameglobal.com\/tr\/services\/","title":{"rendered":"H\u0130ZMETLER"},"content":{"rendered":"<div data-elementor-type=\"wp-page\" data-elementor-id=\"2895\" class=\"elementor elementor-2895\">\n\t\t\t\t<div class=\"elementor-element elementor-element-4f2de70 e-flex e-con-boxed e-con e-parent\" data-id=\"4f2de70\" data-element_type=\"container\" data-e-type=\"container\">\n\t\t\t\t\t<div class=\"e-con-inner\">\n\t\t\t\t<div class=\"elementor-element elementor-element-354ed63 elementor-widget elementor-widget-heading\" data-id=\"354ed63\" data-element_type=\"widget\" data-e-type=\"widget\" data-widget_type=\"heading.default\">\n\t\t\t\t<div class=\"elementor-widget-container\">\n\t\t\t\t\t<h3 class=\"elementor-heading-title elementor-size-default\">Our services!<\/h3>\t\t\t\t<\/div>\n\t\t\t\t<\/div>\n\t\t\t\t\t<\/div>\n\t\t\t\t<\/div>\n\t\t<div class=\"elementor-element elementor-element-a63ae96 e-flex e-con-boxed e-con e-parent\" data-id=\"a63ae96\" data-element_type=\"container\" data-e-type=\"container\">\n\t\t\t\t\t<div class=\"e-con-inner\">\n\t\t\t\t<div class=\"elementor-element elementor-element-23fa9e3 filters-hover-line elementor-widget elementor-widget-mwt-services-grid\" data-id=\"23fa9e3\" data-element_type=\"widget\" data-e-type=\"widget\" data-settings=\"{&quot;services_layout&quot;:&quot;grid&quot;,&quot;services_item_style&quot;:&quot;default&quot;,&quot;items_per_row&quot;:3,&quot;layout_gap&quot;:&quot;30&quot;,&quot;show_corners&quot;:&quot;no&quot;,&quot;show_top_border_hover&quot;:&quot;no&quot;}\" data-widget_type=\"mwt-services-grid.default\">\n\t\t\t\t<div class=\"elementor-widget-container\">\n\t\t\t\t\t\t\t\t\t<div class=\"mwt-services-grid-container\">\n\t\t\t\t\t\t\t\t\t\t\t\t\t<div class=\"layout-cols layout-cols-3 layout-gap-30\">\n\t\t\t\t\t\t<div class=\"grid-columns-wrapper\">\n\t\t\t\t\t\t\t<div class=\"masonry\" data-filters=\".grid_filters-69fdb84c56c14\" data-order=\"\">\n\t\t\t\t\t\t\t\t<div class=\"grid-sizer\"><\/div>\n\t\t\t\t\t\t\t\t\t\t\t\t\t\t\t\t\t\t<div class=\"grid-item default\">\n\t\t\t\t\t\t\t\t\t\t\t\t\t\t\t\t\t\t\t\t\t\t\t\t\t<div class=\"mwt-services-grid-item-wrap\" >\n\t\t\t\t\t\t\t\t\t\t\t\t\t\t<div class=\"mwt-services-grid-content-wrap\">\n\t\t\t\t\t\t\t\t\t\t\t\t\t\t\t\t\t\t\t\t\t\t\t\t\t\t\t\t\t\t\t<div class=\"mwt-services-grid-icon\">\n\t\t\t\t\t\t\t\t\t\t\t\t\t\t\t\t\t<div><i aria-hidden=\"true\" class=\"services-item-icon fas fa-grip-lines\"><\/i><\/div>\t\t\t\t\t\t\t\t\t\t\t\t\t\t\t\t<\/div>\n\t\t\t\t\t\t\t\t\t\t\t\t\t\t\t\t\t\t\t\t\t\t\t\t\t\t\t\t\t\t\t<div class=\"mwt-services-grid-title\">\n\t\t\t\t\t\t\t\t\t\t\t\t\t\t\t\t\t\u0130letim Hatlar\u0131\t\t\t\t\t\t\t\t\t\t\t\t\t\t\t\t<\/div>\n\t\t\t\t\t\t\t\t\t\t\t\t\t\t\t\t\t\t\t\t\t\t\t\t\t\t\t\t\t\t\t<div class=\"mwt-services-grid-description\">\n\t\t\t\t\t\t\t\t\t\t\t\t\t\t\t\t\t\u015eirketimiz, yer\u00fcst\u00fc ve yeralt\u0131 iletim hatlar\u0131n\u0131n planlanmas\u0131 ve in\u015fas\u0131 konusunda uzmanla\u015fm\u0131\u015ft\u0131r. Zengin deneyimimiz, ak\u0131ll\u0131 \u00e7\u00f6z\u00fcmler geli\u015ftirme ve y\u00fcksek verimlilikle \u00e7al\u0131\u015fma becerisi kazand\u0131r\u0131r.\t\t\t\t\t\t\t\t\t\t\t\t\t\t\t\t<\/div>\n\t\t\t\t\t\t\t\t\t\t\t\t\t\t\t\t\t\t\t\t\t\t\t\t\t\t\t\t\t<\/div>\n\t\t\t\t\t\t\t\t\t\t\t\t\t<\/div>\n\t\t\t\t\t\t\t\t\t\t\t\t\t\t\t\t\t\t\t\t\t\t\t<\/div>\n\t\t\t\t\t\t\t\t\t\t\t\t\t\t\t\t\t\t\t\t\t<div class=\"grid-item default\">\n\t\t\t\t\t\t\t\t\t\t\t\t\t\t\t\t\t\t\t\t\t\t\t\t\t<div class=\"mwt-services-grid-item-wrap\" >\n\t\t\t\t\t\t\t\t\t\t\t\t\t\t<div class=\"mwt-services-grid-content-wrap\">\n\t\t\t\t\t\t\t\t\t\t\t\t\t\t\t\t\t\t\t\t\t\t\t\t\t\t\t\t\t\t\t<div class=\"mwt-services-grid-icon\">\n\t\t\t\t\t\t\t\t\t\t\t\t\t\t\t\t\t<div><i aria-hidden=\"true\" class=\"services-item-icon fas fa-drafting-compass\"><\/i><\/div>\t\t\t\t\t\t\t\t\t\t\t\t\t\t\t\t<\/div>\n\t\t\t\t\t\t\t\t\t\t\t\t\t\t\t\t\t\t\t\t\t\t\t\t\t\t\t\t\t\t\t<div class=\"mwt-services-grid-title\">\n\t\t\t\t\t\t\t\t\t\t\t\t\t\t\t\t\tProje Geli\u015ftirme\t\t\t\t\t\t\t\t\t\t\t\t\t\t\t\t<\/div>\n\t\t\t\t\t\t\t\t\t\t\t\t\t\t\t\t\t\t\t\t\t\t\t\t\t\t\t\t\t\t\t<div class=\"mwt-services-grid-description\">\n\t\t\t\t\t\t\t\t\t\t\t\t\t\t\t\t\tAdame, saha se\u00e7imi, m\u00fchendislik tasar\u0131m\u0131, t\u00fcm izinlerin ve idari konular\u0131n ele al\u0131nmas\u0131 gibi eksiksiz proje geli\u015ftirme hizmetleri sunabilmekte ve bir PV projesini A'dan Z'ye y\u00f6netebilmektedir.\t\t\t\t\t\t\t\t\t\t\t\t\t\t\t\t<\/div>\n\t\t\t\t\t\t\t\t\t\t\t\t\t\t\t\t\t\t\t\t\t\t\t\t\t\t\t\t\t<\/div>\n\t\t\t\t\t\t\t\t\t\t\t\t\t<\/div>\n\t\t\t\t\t\t\t\t\t\t\t\t\t\t\t\t\t\t\t\t\t\t\t<\/div>\n\t\t\t\t\t\t\t\t\t\t\t\t\t\t\t\t\t\t\t\t\t<div class=\"grid-item default\">\n\t\t\t\t\t\t\t\t\t\t\t\t\t\t\t\t\t\t\t\t\t\t\t\t\t<div class=\"mwt-services-grid-item-wrap\" >\n\t\t\t\t\t\t\t\t\t\t\t\t\t\t<div class=\"mwt-services-grid-content-wrap\">\n\t\t\t\t\t\t\t\t\t\t\t\t\t\t\t\t\t\t\t\t\t\t\t\t\t\t\t\t\t\t\t<div class=\"mwt-services-grid-icon\">\n\t\t\t\t\t\t\t\t\t\t\t\t\t\t\t\t\t<div><i aria-hidden=\"true\" class=\"services-item-icon fas fa-arrows-alt-h\"><\/i><\/div>\t\t\t\t\t\t\t\t\t\t\t\t\t\t\t\t<\/div>\n\t\t\t\t\t\t\t\t\t\t\t\t\t\t\t\t\t\t\t\t\t\t\t\t\t\t\t\t\t\t\t<div class=\"mwt-services-grid-title\">\n\t\t\t\t\t\t\t\t\t\t\t\t\t\t\t\t\t\u00d6z T\u00fcketim\t\t\t\t\t\t\t\t\t\t\t\t\t\t\t\t<\/div>\n\t\t\t\t\t\t\t\t\t\t\t\t\t\t\t\t\t\t\t\t\t\t\t\t\t\t\t\t\t\t\t<div class=\"mwt-services-grid-description\">\n\t\t\t\t\t\t\t\t\t\t\t\t\t\t\t\t\t\u015eirketimiz, tamamen m\u00fc\u015fterilerimize ba\u011fl\u0131 olup tasar\u0131m, m\u00fchendislik ve \u00f6z t\u00fcketim projelerinin in\u015fas\u0131n\u0131n yan\u0131 s\u0131ra \u015firketimiz toplam yat\u0131r\u0131m\u0131n 'sine kadar geri \u00f6deme imkan\u0131 sunmaktad\u0131r.\t\t\t\t\t\t\t\t\t\t\t\t\t\t\t\t<\/div>\n\t\t\t\t\t\t\t\t\t\t\t\t\t\t\t\t\t\t\t\t\t\t\t\t\t\t\t\t\t<\/div>\n\t\t\t\t\t\t\t\t\t\t\t\t\t<\/div>\n\t\t\t\t\t\t\t\t\t\t\t\t\t\t\t\t\t\t\t\t\t\t\t<\/div>\n\t\t\t\t\t\t\t\t\t\t\t\t\t\t\t\t\t\t\t\t\t<div class=\"grid-item default\">\n\t\t\t\t\t\t\t\t\t\t\t\t\t\t\t\t\t\t\t\t\t\t\t\t\t<div class=\"mwt-services-grid-item-wrap\" >\n\t\t\t\t\t\t\t\t\t\t\t\t\t\t<div class=\"mwt-services-grid-content-wrap\">\n\t\t\t\t\t\t\t\t\t\t\t\t\t\t\t\t\t\t\t\t\t\t\t\t\t\t\t\t\t\t\t<div class=\"mwt-services-grid-icon\">\n\t\t\t\t\t\t\t\t\t\t\t\t\t\t\t\t\t<div><i aria-hidden=\"true\" class=\"services-item-icon fas fa-box-open\"><\/i><\/div>\t\t\t\t\t\t\t\t\t\t\t\t\t\t\t\t<\/div>\n\t\t\t\t\t\t\t\t\t\t\t\t\t\t\t\t\t\t\t\t\t\t\t\t\t\t\t\t\t\t\t<div class=\"mwt-services-grid-title\">\n\t\t\t\t\t\t\t\t\t\t\t\t\t\t\t\t\tMalzemeler\t\t\t\t\t\t\t\t\t\t\t\t\t\t\t\t<\/div>\n\t\t\t\t\t\t\t\t\t\t\t\t\t\t\t\t\t\t\t\t\t\t\t\t\t\t\t\t\t\t\t<div class=\"mwt-services-grid-description\">\n\t\t\t\t\t\t\t\t\t\t\t\t\t\t\t\t\tAdame'in kurulmas\u0131 in\u015faat yeteneklerimizi art\u0131rd\u0131 ve \u00e7e\u015fitli k\u00fcresel ekipman \u00fcreticileri a\u011f\u0131na eri\u015fimi kolayla\u015ft\u0131rd\u0131; bu da m\u00fc\u015fterilerimize trafo merkezleri, kablolar, g\u00fcne\u015f panelleri ve invert\u00f6rler dahil olmak \u00fczere \u00e7e\u015fitli projeler i\u00e7in rekabet\u00e7i fiyatlarla y\u00fcksek kaliteli in\u015faat malzemeleri sunmam\u0131za olanak sa\u011flad\u0131..\t\t\t\t\t\t\t\t\t\t\t\t\t\t\t\t<\/div>\n\t\t\t\t\t\t\t\t\t\t\t\t\t\t\t\t\t\t\t\t\t\t\t\t\t\t\t\t\t<\/div>\n\t\t\t\t\t\t\t\t\t\t\t\t\t<\/div>\n\t\t\t\t\t\t\t\t\t\t\t\t\t\t\t\t\t\t\t\t\t\t\t<\/div>\n\t\t\t\t\t\t\t\t\t\t\t\t\t\t\t\t\t\t\t\t\t<div class=\"grid-item default\">\n\t\t\t\t\t\t\t\t\t\t\t\t\t\t\t\t\t\t\t\t\t\t\t\t\t<div class=\"mwt-services-grid-item-wrap\" style=\"background-image: url(https:\/\/adameglobal.com\/wp-content\/uploads\/2024\/01\/no-photo.jpg)\">\n\t\t\t\t\t\t\t\t\t\t\t\t\t\t<div class=\"mwt-services-grid-content-wrap\">\n\t\t\t\t\t\t\t\t\t\t\t\t\t\t\t\t\t\t\t\t\t\t\t\t\t\t\t\t\t\t\t<div class=\"mwt-services-grid-icon\">\n\t\t\t\t\t\t\t\t\t\t\t\t\t\t\t\t\t<div><i aria-hidden=\"true\" class=\"services-item-icon far fa-chart-bar\"><\/i><\/div>\t\t\t\t\t\t\t\t\t\t\t\t\t\t\t\t<\/div>\n\t\t\t\t\t\t\t\t\t\t\t\t\t\t\t\t\t\t\t\t\t\t\t\t\t\t\t\t\t\t\t<div class=\"mwt-services-grid-title\">\n\t\t\t\t\t\t\t\t\t\t\t\t\t\t\t\t\tPazar Ara\u015ft\u0131rmas\u0131 ve Dan\u0131\u015fmanl\u0131k\t\t\t\t\t\t\t\t\t\t\t\t\t\t\t\t<\/div>\n\t\t\t\t\t\t\t\t\t\t\t\t\t\t\t\t\t\t\t\t\t\t\t\t\t\t\t\t\t\t\t<div class=\"mwt-services-grid-description\">\n\t\t\t\t\t\t\t\t\t\t\t\t\t\t\t\t\tTabii, \u015f\u00f6yle bir \u00f6zet yapabilirim: \"Stratejik konumland\u0131rma, geni\u015f a\u011flar kurma ve sosyo-ekonomik ve i\u015f ekosistemleri hakk\u0131nda bilgi edinme, gelecekteki senaryolar\u0131 tahmin etmeyi, riskleri de\u011ferlendirmeyi, f\u0131rsatlar\u0131 belirlemeyi ve m\u00fc\u015fteri yat\u0131r\u0131mlar\u0131n\u0131n karl\u0131l\u0131\u011f\u0131n\u0131 art\u0131rmay\u0131 sa\u011flar.\t\t\t\t\t\t\t\t\t\t\t\t\t\t\t\t<\/div>\n\t\t\t\t\t\t\t\t\t\t\t\t\t\t\t\t\t\t\t\t\t\t\t\t\t\t\t\t\t<\/div>\n\t\t\t\t\t\t\t\t\t\t\t\t\t<\/div>\n\t\t\t\t\t\t\t\t\t\t\t\t\t\t\t\t\t\t\t\t\t\t\t<\/div>\n\t\t\t\t\t\t\t\t\t\t\t\t\t\t\t\t\t\t\t\t\t<div class=\"grid-item default\">\n\t\t\t\t\t\t\t\t\t\t\t\t\t\t\t\t\t\t\t\t\t\t\t\t\t<div class=\"mwt-services-grid-item-wrap\" style=\"background-image: url(https:\/\/adameglobal.com\/wp-content\/uploads\/2024\/01\/no-photo.jpg)\">\n\t\t\t\t\t\t\t\t\t\t\t\t\t\t<div class=\"mwt-services-grid-content-wrap\">\n\t\t\t\t\t\t\t\t\t\t\t\t\t\t\t\t\t\t\t\t\t\t\t\t\t\t\t\t\t\t\t<div class=\"mwt-services-grid-icon\">\n\t\t\t\t\t\t\t\t\t\t\t\t\t\t\t\t\t<div><i aria-hidden=\"true\" class=\"services-item-icon fas fa-cogs\"><\/i><\/div>\t\t\t\t\t\t\t\t\t\t\t\t\t\t\t\t<\/div>\n\t\t\t\t\t\t\t\t\t\t\t\t\t\t\t\t\t\t\t\t\t\t\t\t\t\t\t\t\t\t\t<div class=\"mwt-services-grid-title\">\n\t\t\t\t\t\t\t\t\t\t\t\t\t\t\t\t\tEPC\t\t\t\t\t\t\t\t\t\t\t\t\t\t\t\t<\/div>\n\t\t\t\t\t\t\t\t\t\t\t\t\t\t\t\t\t\t\t\t\t\t\t\t\t\t\t\t\t\t\t<div class=\"mwt-services-grid-description\">\n\t\t\t\t\t\t\t\t\t\t\t\t\t\t\t\t\tAdame, g\u00fcne\u015f enerjisi santrali geli\u015ftirme i\u00e7in tasar\u0131m, m\u00fchendislik, finansman, EPC, i\u015fletme, bak\u0131m ve varl\u0131k y\u00f6netimi dahil olmak \u00fczere u\u00e7tan uca hizmetler sa\u011flamada uzmanla\u015fm\u0131\u015f olup, uluslararas\u0131 yat\u0131r\u0131mc\u0131lara y\u00fcksek kaliteli anahtar teslim \u00e7\u00f6z\u00fcmler sunmaktad\u0131r.\t\t\t\t\t\t\t\t\t\t\t\t\t\t\t\t<\/div>\n\t\t\t\t\t\t\t\t\t\t\t\t\t\t\t\t\t\t\t\t\t\t\t\t\t\t\t\t\t<\/div>\n\t\t\t\t\t\t\t\t\t\t\t\t\t<\/div>\n\t\t\t\t\t\t\t\t\t\t\t\t\t\t\t\t\t\t\t\t\t\t\t<\/div>\n\t\t\t\t\t\t\t\t\t\t\t\t\t\t\t\t\t\t\t\t<\/div>\n\t\t\t\t\t\t\t\t\t\t\t\t\t\t\t\t\t\t\t\t\t\t\t\t\t\t\t\t<\/div>\n\t\t\t\t\t\t\t<\/div>\n\t\t\t\t\t\t\t\t\t\t\t\t<\/div>\n\t\t\t\t\t\t\t\t<\/div>\n\t\t\t\t<\/div>\n\t\t\t\t\t<\/div>\n\t\t\t\t<\/div>\n\t\t\t\t<\/div>\n\t\t\n    <div class=\"xs_social_share_widget xs_share_url after_content \t\tmain_content  wslu-style-1 wslu-share-box-shaped wslu-fill-colored wslu-none wslu-share-horizontal wslu-theme-font-no wslu-main_content\">\n\n\t\t\n        <ul>\n\t\t\t        <\/ul>\n    <\/div>","protected":false},"excerpt":{"rendered":"<p>Our services! Transmission lines The company specializes in providing services for planning and constructing transmission lines, offering both above and underground solutions, with a focus<span class=\"more-dots\">&#8230;<\/span> <span class=\"more-tag\"><a class=\"more-link\" href=\"https:\/\/adameglobal.com\/tr\/services\/\">Read more<span class=\"screen-reader-text\"> \"Services\"<\/span><\/a><\/span><!-- .more-tag --><\/p>","protected":false},"author":1,"featured_media":0,"parent":0,"menu_order":0,"comment_status":"closed","ping_status":"closed","template":"page-templates\/full-width.php","meta":{"_monsterinsights_skip_tracking":false,"_monsterinsights_sitenote_active":false,"_monsterinsights_sitenote_note":"","_monsterinsights_sitenote_category":0,"footnotes":""},"class_list":["post-2895","page","type-page","status-publish","hentry"],"_links":{"self":[{"href":"https:\/\/adameglobal.com\/tr\/wp-json\/wp\/v2\/pages\/2895","targetHints":{"allow":["GET"]}}],"collection":[{"href":"https:\/\/adameglobal.com\/tr\/wp-json\/wp\/v2\/pages"}],"about":[{"href":"https:\/\/adameglobal.com\/tr\/wp-json\/wp\/v2\/types\/page"}],"author":[{"embeddable":true,"href":"https:\/\/adameglobal.com\/tr\/wp-json\/wp\/v2\/users\/1"}],"replies":[{"embeddable":true,"href":"https:\/\/adameglobal.com\/tr\/wp-json\/wp\/v2\/comments?post=2895"}],"version-history":[{"count":5,"href":"https:\/\/adameglobal.com\/tr\/wp-json\/wp\/v2\/pages\/2895\/revisions"}],"predecessor-version":[{"id":4027,"href":"https:\/\/adameglobal.com\/tr\/wp-json\/wp\/v2\/pages\/2895\/revisions\/4027"}],"wp:attachment":[{"href":"https:\/\/adameglobal.com\/tr\/wp-json\/wp\/v2\/media?parent=2895"}],"curies":[{"name":"wp","href":"https:\/\/api.w.org\/{rel}","templated":true}]}}