{"id":3490,"date":"2024-01-07T22:05:01","date_gmt":"2024-01-07T22:05:01","guid":{"rendered":"https:\/\/qrv.xea.temporary.site\/website_6515402a\/?page_id=3490"},"modified":"2024-07-08T14:39:11","modified_gmt":"2024-07-08T14:39:11","slug":"contacts","status":"publish","type":"page","link":"https:\/\/adameglobal.com\/tr\/contacts\/","title":{"rendered":"Contacts"},"content":{"rendered":"<div data-elementor-type=\"wp-page\" data-elementor-id=\"3490\" class=\"elementor elementor-3490\">\n\t\t\t\t<div class=\"elementor-element elementor-element-544da11e e-flex e-con-boxed e-con e-parent\" data-id=\"544da11e\" data-element_type=\"container\" data-e-type=\"container\">\n\t\t\t\t\t<div class=\"e-con-inner\">\n\t\t\t\t<div class=\"elementor-element elementor-element-2ca24d5e elementor-widget elementor-widget-text-editor\" data-id=\"2ca24d5e\" data-element_type=\"widget\" data-e-type=\"widget\" data-widget_type=\"text-editor.default\">\n\t\t\t\t<div class=\"elementor-widget-container\">\n\t\t\t\t\t\t\t\t\t<p>CONNECT WITH US<\/p>\t\t\t\t\t\t\t\t<\/div>\n\t\t\t\t<\/div>\n\t\t\t\t<div class=\"elementor-element elementor-element-1693c04d title-corner-inverse elementor-widget elementor-widget-heading\" data-id=\"1693c04d\" data-element_type=\"widget\" data-e-type=\"widget\" data-widget_type=\"heading.default\">\n\t\t\t\t<div class=\"elementor-widget-container\">\n\t\t\t\t\t<h2 class=\"elementor-heading-title elementor-size-default\">OUR CONTACTS<\/h2>\t\t\t\t<\/div>\n\t\t\t\t<\/div>\n\t\t\t\t<div class=\"elementor-element elementor-element-76290be1 elementor-widget__width-initial elementor-hidden-desktop elementor-hidden-tablet elementor-hidden-mobile elementor-widget elementor-widget-text-editor\" data-id=\"76290be1\" data-element_type=\"widget\" data-e-type=\"widget\" data-widget_type=\"text-editor.default\">\n\t\t\t\t<div class=\"elementor-widget-container\">\n\t\t\t\t\t\t\t\t\tCum sociis natoque penatibus et magnis dis parturient montes, nascetur ridiculus mus. Fusce tempus odio vitae nibh semper, ac venenatis massa mollis. Proin tempus, mauris eu facilisis feugiat, nisi augue faucibus.\n\n\t\t\t\t\t\t\t\t<\/div>\n\t\t\t\t<\/div>\n\t\t\t\t<div class=\"elementor-element elementor-element-6e8b65ac elementor-widget elementor-widget-spacer\" data-id=\"6e8b65ac\" data-element_type=\"widget\" data-e-type=\"widget\" data-widget_type=\"spacer.default\">\n\t\t\t\t<div class=\"elementor-widget-container\">\n\t\t\t\t\t\t\t<div class=\"elementor-spacer\">\n\t\t\t<div class=\"elementor-spacer-inner\"><\/div>\n\t\t<\/div>\n\t\t\t\t\t\t<\/div>\n\t\t\t\t<\/div>\n\t\t<div class=\"elementor-element elementor-element-21b8521a e-con-full e-flex e-con e-child\" data-id=\"21b8521a\" data-element_type=\"container\" data-e-type=\"container\">\n\t\t<div class=\"elementor-element elementor-element-13374ac7 e-flex e-con-boxed e-con e-child\" data-id=\"13374ac7\" data-element_type=\"container\" data-e-type=\"container\">\n\t\t\t\t\t<div class=\"e-con-inner\">\n\t\t<div class=\"elementor-element elementor-element-4fa5ffc1 e-con-full e-flex e-con e-child\" data-id=\"4fa5ffc1\" data-element_type=\"container\" data-e-type=\"container\">\n\t\t\t\t<div class=\"elementor-element elementor-element-76ad19d4 elementor-position-inline-start elementor-view-default elementor-mobile-position-block-start elementor-widget elementor-widget-icon-box\" data-id=\"76ad19d4\" data-element_type=\"widget\" data-e-type=\"widget\" data-widget_type=\"icon-box.default\">\n\t\t\t\t<div class=\"elementor-widget-container\">\n\t\t\t\t\t\t\t<div class=\"elementor-icon-box-wrapper\">\n\n\t\t\t\t\t\t<div class=\"elementor-icon-box-icon\">\n\t\t\t\t<span  class=\"elementor-icon\">\n\t\t\t\t<svg xmlns=\"http:\/\/www.w3.org\/2000\/svg\" width=\"1024\" height=\"1024\" viewbox=\"0 0 1024 1024\"><path d=\"M511.69 204.044c118.154 0 214.102 96.367 214.102 214.312 0 117.943-95.947 214.102-214.102 214.102s-214.102-96.367-214.102-214.312c0-117.943 95.947-214.102 214.102-214.102zM511.69 581.132c89.873 0 162.775-73.113 162.775-162.775 0-89.664-73.111-162.777-162.775-162.777-89.662 0-162.775 73.113-162.775 162.777 0 89.662 72.904 162.775 162.775 162.775zM511.69 0c228.138 0 413.748 185.611 414.168 413.54 0 26.395-2.514 52.791-7.543 78.559-0.627 3.98-1.465 8.17-2.723 13.199-6.285 28.072-15.713 55.725-27.863 81.91-42.316 99.93-135.541 255.374-337.702 423.176-10.684 8.799-24.092 13.617-37.918 13.617s-27.234-4.818-37.918-13.617c-202.372-168.014-295.596-323.246-338.122-424.014-11.941-25.557-21.369-53-27.654-81.283-2.305-9.008-2.932-13.826-2.932-13.826-7.332-38.127-9.219-78.141-5.447-117.943 19.691-205.514 190.428-365.984 396.988-373.108 4.818-0.209 9.846-0.209 14.664-0.209zM867.408 483.298c4.4-23.463 6.703-46.506 6.703-69.551 0-204.256-169.688-369.336-375.202-362.212-181 6.285-330.37 146.854-347.758 326.808-3.352 34.775-1.676 69.971 4.818 104.117 0 0.42 0.211 0.838 0.211 1.258 0.209 1.047 0.838 4.398 2.094 9.846 5.656 24.93 13.826 49.021 24.512 72.066 40.641 96.156 129.676 243.85 323.876 405.158 1.885 1.467 3.98 1.885 5.238 1.885 1.465 0 3.352-0.418 5.236-1.885 194.199-161.1 283.026-308.792 323.458-404.32 10.893-23.883 19.063-47.975 24.721-72.695 1.465-6.494 2.094-10.055 2.094-10.475z\"><\/path><\/svg>\t\t\t\t<\/span>\n\t\t\t<\/div>\n\t\t\t\n\t\t\t\t\t\t<div class=\"elementor-icon-box-content\">\n\n\t\t\t\t\t\t\t\t\t<h3 class=\"elementor-icon-box-title\">\n\t\t\t\t\t\t<span  >\n\t\t\t\t\t\t\tHEAD OFFICE\t\t\t\t\t\t<\/span>\n\t\t\t\t\t<\/h3>\n\t\t\t\t\n\t\t\t\t\t\t\t\t\t<p class=\"elementor-icon-box-description\">\n\t\t\t\t\t\t<span lang=\"EN-GB\" style=\"text-align: center;font-size: 12pt;line-height: 18.4px;font-family: Aptos, sans-serif\"><span style=\"font-weight: 700;color: var(--colorDark)\">Turkey<\/span><\/span><span style=\"text-align: center\"> - <\/span><span lang=\"EN-GB\" style=\"text-align: center;font-size: 12pt;line-height: 18.4px;font-family: Aptos, sans-serif\">Cemalpa\u015fa Mah. <br>Bahar Cad.  No: 35 <\/span><span lang=\"EN-GB\" style=\"text-align: center;font-size: 12pt;line-height: 18.4px;font-family: Aptos, sans-serif\">Seyhan, Adana<\/span><br style=\"text-align: center\"><span style=\"font-weight: 700;color: var(--colorDark);text-align: center\"><br><\/span><span lang=\"EN-GB\" style=\"text-align: center;font-size: 12pt;line-height: 18.4px;font-family: Aptos, sans-serif\"><span style=\"font-weight: 700;color: var(--colorDark)\">North Macedonia<\/span> - <\/span><span lang=\"EN-GB\" style=\"text-align: center;font-size: 12pt;line-height: 18.4px;font-family: Aptos, sans-serif\">Blazho Orlandikj <br>42A\/1-1, Aerodrom, Skopje<\/span><br style=\"text-align: center\"><br style=\"text-align: center\"><span style=\"font-weight: 700;color: var(--colorDark);text-align: center\"><span lang=\"EN-GB\" style=\"font-size: 12pt;line-height: 18.4px;font-family: Aptos, sans-serif\">Romania - <\/span><\/span><span lang=\"EN-GB\" style=\"text-align: center;font-size: 12pt;line-height: 18.4px;font-family: Aptos, sans-serif\">Strada Inginer Sl\u0103niceanu Nicolae 28, Bucharest<\/span>\t\t\t\t\t<\/p>\n\t\t\t\t\n\t\t\t<\/div>\n\t\t\t\n\t\t<\/div>\n\t\t\t\t\t\t<\/div>\n\t\t\t\t<\/div>\n\t\t\t\t<\/div>\n\t\t<div class=\"elementor-element elementor-element-3fc99a96 e-con-full e-flex e-con e-child\" data-id=\"3fc99a96\" data-element_type=\"container\" data-e-type=\"container\">\n\t\t\t\t<div class=\"elementor-element elementor-element-710bedc6 elementor-position-inline-start elementor-view-default elementor-mobile-position-block-start elementor-widget elementor-widget-icon-box\" data-id=\"710bedc6\" data-element_type=\"widget\" data-e-type=\"widget\" data-widget_type=\"icon-box.default\">\n\t\t\t\t<div class=\"elementor-widget-container\">\n\t\t\t\t\t\t\t<div class=\"elementor-icon-box-wrapper\">\n\n\t\t\t\t\t\t<div class=\"elementor-icon-box-icon\">\n\t\t\t\t<span  class=\"elementor-icon\">\n\t\t\t\t<svg xmlns=\"http:\/\/www.w3.org\/2000\/svg\" width=\"1024\" height=\"1024\" viewbox=\"0 0 1024 1024\"><path d=\"M809.284 634.332l118.65 119.084c21.828 21.611 33.283 47.33 33.283 74.129 0 26.584-11.238 52.518-32.635 74.779-9.293 9.725-18.803 19.018-28.096 27.879-13.615 13.184-26.584 25.502-37.822 39.117-0.215 0.434-0.648 0.648-0.863 1.082-32.852 35.66-74.779 53.598-124.703 53.598-4.322 0-9.076-0.217-13.615-0.432-74.131-4.756-140.48-32.635-190.188-56.191-130.105-62.893-244.002-152.15-338.664-265.184-78.020-93.797-130.322-181.326-165.334-275.772-14.264-38.469-32.85-97.254-27.662-160.363 3.457-39.117 19.234-72.832 46.898-100.496l73.48-74.129c0.217-0.217 0.217-0.217 0.432-0.434 21.613-20.748 47.115-31.77 73.482-31.77s51.438 11.021 72.4 31.77c14.049 12.969 27.664 26.799 40.631 40.199 6.484 6.916 13.4 13.832 20.1 20.531l59.002 59.002c45.385 45.385 45.385 104.17 0 149.557-6.051 6.051-12.104 12.318-18.154 18.369-15.994 16.211-32.418 33.068-50.141 49.277 13.184 29.176 31.338 57.92 58.354 92.068 55.76 68.51 113.896 121.459 177.869 162.090 6.266 3.891 13.615 7.564 21.395 11.455 5.404 2.811 11.023 5.619 16.643 8.645l68.295-68.078c21.828-21.828 47.33-33.283 73.912-33.283 26.801 0 52.086 11.672 73.051 33.5zM886.654 861.908c22.045-22.908 22.045-45.602-0.217-67.646l-119.516-119.516c-6.699-7.348-17.721-15.777-31.121-15.777-13.615 0-25.285 8.861-32.635 16.211l-73.914 73.912c-3.674 3.676-14.912 14.914-32.85 14.914-7.133 0-14.049-1.73-21.396-5.404-0.863-0.432-1.729-1.080-2.594-1.512-6.268-3.891-13.615-7.564-21.396-11.455-8.645-4.322-17.721-8.861-26.582-14.48-69.375-43.873-132.268-101.145-191.916-174.627l-0.217-0.215c-32.85-41.713-54.463-76.725-69.807-113.896-0.217-0.648-0.434-1.297-0.648-1.945-3.891-12.32-7.35-30.475 11.238-49.061 0.215-0.432 0.648-0.648 1.080-1.080 18.803-16.857 36.092-34.148 54.246-52.734 6.268-6.051 12.32-12.318 18.588-18.586 22.908-22.91 22.908-44.090 0-66.998l-59.002-59.002c-6.916-7.131-13.832-14.047-20.531-20.963-13.184-13.617-25.719-26.367-38.902-38.686-0.217-0.217-0.432-0.434-0.648-0.648-6.916-6.916-17.938-15.129-31.555-15.129-11.021 0-22.26 5.402-32.85 15.344l-73.697 73.697c-17.939 17.939-27.664 38.902-29.826 64.189-3.242 39.551 4.107 81.479 24.207 135.293 32.633 88.178 81.91 170.303 155.607 259.128 89.258 106.549 196.672 190.621 318.996 249.838 44.738 21.396 104.387 46.467 168.576 50.572 3.24 0.217 6.699 0.217 9.941 0.217 33.715 0 59.434-11.021 81.262-34.363 13.398-15.777 27.664-29.824 41.711-43.225 9.293-9.078 17.939-17.289 26.367-26.367-0.217 0.217-0.217 0 0 0zM553.394 243.582c-15.994-2.594-26.367-17.938-23.559-33.715 2.811-15.777 17.723-26.367 33.715-23.773 68.512 11.672 130.971 44.090 180.463 93.582s81.91 111.951 93.58 180.461c2.594 15.994-7.996 31.121-23.988 33.715-1.729 0.217-3.242 0.434-4.971 0.434-14.049 0-26.367-9.941-28.744-24.207-9.727-56.623-36.309-108.061-77.373-149.123-41.062-41.064-92.5-67.863-149.123-77.373zM1022.81 451.708c2.811 15.775-7.996 30.904-23.773 33.283-1.729 0.215-3.24 0.432-4.971 0.432-14.047 0-26.365-9.941-28.744-24.205-17.072-100.715-64.619-192.566-137.67-265.616-73.049-72.834-164.9-120.596-265.614-137.67-15.994-2.809-26.584-17.723-23.99-33.715 2.811-15.777 17.723-26.584 33.5-23.773 112.814 19.234 215.472 72.4 297.168 154.096 81.693 81.693 134.859 184.352 154.094 297.168z\"><\/path><\/svg>\t\t\t\t<\/span>\n\t\t\t<\/div>\n\t\t\t\n\t\t\t\t\t\t<div class=\"elementor-icon-box-content\">\n\n\t\t\t\t\t\t\t\t\t<h3 class=\"elementor-icon-box-title\">\n\t\t\t\t\t\t<span  >\n\t\t\t\t\t\t\tCALL US\t\t\t\t\t\t<\/span>\n\t\t\t\t\t<\/h3>\n\t\t\t\t\n\t\t\t\t\t\t\t\t\t<p class=\"elementor-icon-box-description\">\n\t\t\t\t\t\t<span style=\"text-align: center\"><br style=\"text-align: center\"><span style=\"text-align: center\"> \nNorth Macedonia: <\/span><a href=\"tel:+389 75 361 888\" style=\"text-align: center\">+389 75 361 888<\/a><br style=\"text-align: center\"><span style=\"text-align: center\"> \nRomania: <\/span><a href=\"tel:+40751750977\" style=\"text-align: center\"> +40751750977<\/a><br style=\"text-align: center\">\t\t\t\t\t<\/p>\n\t\t\t\t\n\t\t\t<\/div>\n\t\t\t\n\t\t<\/div>\n\t\t\t\t\t\t<\/div>\n\t\t\t\t<\/div>\n\t\t\t\t<\/div>\n\t\t<div class=\"elementor-element elementor-element-65ec0773 e-con-full e-flex e-con e-child\" data-id=\"65ec0773\" data-element_type=\"container\" data-e-type=\"container\">\n\t\t\t\t<div class=\"elementor-element elementor-element-17db10e7 elementor-position-inline-start elementor-view-default elementor-mobile-position-block-start elementor-widget elementor-widget-icon-box\" data-id=\"17db10e7\" data-element_type=\"widget\" data-e-type=\"widget\" data-widget_type=\"icon-box.default\">\n\t\t\t\t<div class=\"elementor-widget-container\">\n\t\t\t\t\t\t\t<div class=\"elementor-icon-box-wrapper\">\n\n\t\t\t\t\t\t<div class=\"elementor-icon-box-icon\">\n\t\t\t\t<span  class=\"elementor-icon\">\n\t\t\t\t<svg xmlns=\"http:\/\/www.w3.org\/2000\/svg\" width=\"1024\" height=\"1024\" viewbox=\"0 0 1024 1024\"><path d=\"M945.148 128.108c43.422 0 78.852 35.43 78.852 78.854v610.078c0 43.424-35.43 78.854-78.852 78.854h-866.296c-43.422 0-78.852-35.43-78.852-78.854v-610.078c0-43.424 35.43-78.854 78.852-78.854h866.296zM933.698 186.438h-832.594l416.296 356.024zM965.67 817.039v-581.13l-429.69 367.042c-0.217 0.217-0.648 0.434-0.865 0.648-0.215 0.217-0.648 0.434-0.863 0.648-0.648 0.432-1.080 0.648-1.729 1.080-0.217 0.217-0.432 0.217-0.648 0.432-0.863 0.434-1.729 0.865-2.592 1.297-0.217 0-0.434 0.217-0.648 0.217-0.865 0.432-1.512 0.646-2.16 0.863-0.217 0-0.648 0.217-0.865 0.217-0.646 0-1.295 0.215-1.943 0.432-0.217 0-0.648 0.217-0.865 0.217-0.646 0.215-1.512 0.432-2.16 0.432h-0.648c-0.863 0.215-1.943 0.215-2.807 0.215v0 0c-0.865 0-1.945-0.215-2.809-0.215h-0.648c-0.648-0.217-1.512-0.217-2.16-0.432-0.217 0-0.648-0.217-0.865-0.217-0.648 0-1.295-0.217-1.943-0.432-0.217 0-0.648-0.217-0.865-0.217-0.863-0.217-1.512-0.648-2.16-0.863-0.215 0-0.432-0.217-0.648-0.217-0.863-0.432-1.727-0.863-2.592-1.297-0.215-0.215-0.432-0.215-0.648-0.432-0.646-0.215-1.080-0.648-1.729-1.080-0.215-0.215-0.646-0.432-0.863-0.648s-0.648-0.432-0.863-0.648l-440.060-376.33v590.42c0 11.234 9.289 20.523 20.521 20.523h866.296c11.232 0 20.521-9.289 20.521-20.523z\"><\/path><\/svg>\t\t\t\t<\/span>\n\t\t\t<\/div>\n\t\t\t\n\t\t\t\t\t\t<div class=\"elementor-icon-box-content\">\n\n\t\t\t\t\t\t\t\t\t<h3 class=\"elementor-icon-box-title\">\n\t\t\t\t\t\t<span  >\n\t\t\t\t\t\t\tEMAIL US\t\t\t\t\t\t<\/span>\n\t\t\t\t\t<\/h3>\n\t\t\t\t\n\t\t\t\t\t\t\t\t\t<p class=\"elementor-icon-box-description\">\n\t\t\t\t\t\t<span style=\"text-align: center\">Turkey - <\/span><a href=\"mailto:info@adame.com.tr\" style=\"text-align: center\">info@adame.com.tr<\/a><br style=\"text-align: center\"><span style=\"text-align: center\">\nNorth Macedonia - <\/span><a href=\"mailto:info@adame.com.tr\" style=\"text-align: center\">info@adame.com.tr<\/a><br style=\"text-align: center\"><span style=\"text-align: center\">\nRomania- <\/span><a href=\"mailto:adamerom@adame.com.tr\" style=\"text-align: center\">adamerom@adame.com.tr<\/a><br style=\"text-align: center\"><span style=\"text-align: center\"><\/span>\t\t\t\t\t<\/p>\n\t\t\t\t\n\t\t\t<\/div>\n\t\t\t\n\t\t<\/div>\n\t\t\t\t\t\t<\/div>\n\t\t\t\t<\/div>\n\t\t\t\t<\/div>\n\t\t\t\t\t<\/div>\n\t\t\t\t<\/div>\n\t\t\t\t<\/div>\n\t\t\t\t\t<\/div>\n\t\t\t\t<\/div>\n\t\t<div class=\"elementor-element elementor-element-38af66f1 e-flex e-con-boxed e-con e-parent\" data-id=\"38af66f1\" data-element_type=\"container\" data-e-type=\"container\" data-settings=\"{&quot;background_background&quot;:&quot;classic&quot;}\">\n\t\t\t\t\t<div class=\"e-con-inner\">\n\t\t\t\t<div class=\"elementor-element elementor-element-41e22798 elementor-hidden-desktop elementor-hidden-tablet elementor-hidden-mobile elementor-widget elementor-widget-text-editor\" data-id=\"41e22798\" data-element_type=\"widget\" data-e-type=\"widget\" data-widget_type=\"text-editor.default\">\n\t\t\t\t<div class=\"elementor-widget-container\">\n\t\t\t\t\t\t\t\t\tSHORT LOIN MEATLOAF\t\t\t\t\t\t\t\t<\/div>\n\t\t\t\t<\/div>\n\t\t\t\t<div class=\"elementor-element elementor-element-39ee7d7f elementor-widget elementor-widget-heading\" data-id=\"39ee7d7f\" data-element_type=\"widget\" data-e-type=\"widget\" data-widget_type=\"heading.default\">\n\t\t\t\t<div class=\"elementor-widget-container\">\n\t\t\t\t\t<h2 class=\"elementor-heading-title elementor-size-default\">\u0130LET\u0130\u015e\u0130M FORMU<\/h2>\t\t\t\t<\/div>\n\t\t\t\t<\/div>\n\t\t<div class=\"elementor-element elementor-element-4286dd1b e-flex e-con-boxed e-con e-child\" data-id=\"4286dd1b\" data-element_type=\"container\" data-e-type=\"container\">\n\t\t\t\t\t<div class=\"e-con-inner\">\n\t\t\t\t<div class=\"elementor-element elementor-element-18fde70f elementor-widget elementor-widget-shortcode\" data-id=\"18fde70f\" data-element_type=\"widget\" data-e-type=\"widget\" data-widget_type=\"shortcode.default\">\n\t\t\t\t<div class=\"elementor-widget-container\">\n\t\t\t\t\t\t\t<div class=\"elementor-shortcode\">\n<div class=\"wpcf7 no-js\" id=\"wpcf7-f5-o1\" lang=\"en-US\" dir=\"ltr\" data-wpcf7-id=\"5\">\n<div class=\"screen-reader-response\"><p role=\"status\" aria-live=\"polite\" aria-atomic=\"true\"><\/p> <ul><\/ul><\/div>\n<form action=\"\/tr\/wp-json\/wp\/v2\/pages\/3490#wpcf7-f5-o1\" method=\"post\" class=\"wpcf7-form init\" aria-label=\"Contact form\" novalidate=\"novalidate\" data-status=\"init\" data-trp-original-action=\"\/tr\/wp-json\/wp\/v2\/pages\/3490#wpcf7-f5-o1\">\n<fieldset class=\"hidden-fields-container\"><input type=\"hidden\" name=\"_wpcf7\" value=\"5\" \/><input type=\"hidden\" name=\"_wpcf7_version\" value=\"6.1.5\" \/><input type=\"hidden\" name=\"_wpcf7_locale\" value=\"en_US\" \/><input type=\"hidden\" name=\"_wpcf7_unit_tag\" value=\"wpcf7-f5-o1\" \/><input type=\"hidden\" name=\"_wpcf7_container_post\" value=\"0\" \/><input type=\"hidden\" name=\"_wpcf7_posted_data_hash\" value=\"\" \/>\n<\/fieldset>\n<div class=\"layout-gap-30\">\n  <div class=\"layout-cols-2 grid-wrapper\">\n    <div class=\"grid-item\">\n      <span class=\"wpcf7-form-control-wrap\" data-name=\"your-name\"><input size=\"40\" maxlength=\"400\" class=\"wpcf7-form-control wpcf7-text wpcf7-validates-as-required form-control\" aria-required=\"true\" aria-invalid=\"false\" placeholder=\"\u0130sim\" value=\"\" type=\"text\" name=\"your-name\" \/><\/span>\n    <\/div>\n    <div class=\"grid-item\">\n      <span class=\"wpcf7-form-control-wrap\" data-name=\"your-email\"><input size=\"40\" maxlength=\"400\" class=\"wpcf7-form-control wpcf7-email wpcf7-validates-as-required wpcf7-text wpcf7-validates-as-email form-control\" aria-required=\"true\" aria-invalid=\"false\" placeholder=\"E-mail\" value=\"\" type=\"email\" name=\"your-email\" \/><\/span>\n    <\/div>\n  <\/div>\n  <div class=\"cols-1 grid-wrapper\">\n    <div class=\"grid-item\">\n      <span class=\"wpcf7-form-control-wrap\" data-name=\"your-subject\"><input size=\"40\" maxlength=\"400\" class=\"wpcf7-form-control wpcf7-text form-control\" aria-invalid=\"false\" placeholder=\"Konu\" value=\"\" type=\"text\" name=\"your-subject\" \/><\/span>\n    <\/div>\n  <\/div>\n  <div class=\"cols-1 grid-wrapper\">\n    <div class=\"grid-item\">\n      <span class=\"wpcf7-form-control-wrap\" data-name=\"your-message\"><textarea cols=\"45\" rows=\"7\" maxlength=\"2000\" class=\"wpcf7-form-control wpcf7-textarea form-control\" aria-invalid=\"false\" placeholder=\"Mesaj\" name=\"your-message\"><\/textarea><\/span>\n    <\/div>\n  <\/div>\n  <div class=\"mt-1 text-center\">\n    <button type=\"submit\" class=\"theme_button color min-width-button\">G\u00f6nder<\/button>\n  <\/div>\n<\/div><p style=\"display: none !important;\" class=\"akismet-fields-container\" data-prefix=\"_wpcf7_ak_\"><label>&#916;<textarea name=\"_wpcf7_ak_hp_textarea\" cols=\"45\" rows=\"8\" maxlength=\"100\"><\/textarea><\/label><input type=\"hidden\" id=\"ak_js_1\" name=\"_wpcf7_ak_js\" value=\"125\"\/><script>\ndocument.getElementById( \"ak_js_1\" ).setAttribute( \"value\", ( new Date() ).getTime() );\n<\/script>\n<\/p><div class=\"wpcf7-response-output\" aria-hidden=\"true\"><\/div>\n<input type=\"hidden\" name=\"trp-form-language\" value=\"tr\"\/><\/form>\n<\/div>\n<\/div>\n\t\t\t\t\t\t<\/div>\n\t\t\t\t<\/div>\n\t\t\t\t\t<\/div>\n\t\t\t\t<\/div>\n\t\t\t\t\t<\/div>\n\t\t\t\t<\/div>\n\t\t<div class=\"elementor-element elementor-element-bdf5684 e-flex e-con-boxed e-con e-parent\" data-id=\"bdf5684\" data-element_type=\"container\" data-e-type=\"container\">\n\t\t\t\t\t<div class=\"e-con-inner\">\n\t\t\t\t<div class=\"elementor-element elementor-element-9282d77 elementor-widget__width-initial elementor-widget elementor-widget-text-editor\" data-id=\"9282d77\" data-element_type=\"widget\" data-e-type=\"widget\" data-widget_type=\"text-editor.default\">\n\t\t\t\t<div class=\"elementor-widget-container\">\n\t\t\t\t\t\t\t\t\t<h2>Turkey<\/h2>\t\t\t\t\t\t\t\t<\/div>\n\t\t\t\t<\/div>\n\t\t\t\t<div class=\"elementor-element elementor-element-4bbebca elementor-widget__width-initial elementor-widget elementor-widget-text-editor\" data-id=\"4bbebca\" data-element_type=\"widget\" data-e-type=\"widget\" data-widget_type=\"text-editor.default\">\n\t\t\t\t<div class=\"elementor-widget-container\">\n\t\t\t\t\t\t\t\t\t<h2>North Macedonia<\/h2>\t\t\t\t\t\t\t\t<\/div>\n\t\t\t\t<\/div>\n\t\t\t\t<div class=\"elementor-element elementor-element-a4e7d20 elementor-widget__width-initial elementor-widget elementor-widget-text-editor\" data-id=\"a4e7d20\" data-element_type=\"widget\" data-e-type=\"widget\" data-widget_type=\"text-editor.default\">\n\t\t\t\t<div class=\"elementor-widget-container\">\n\t\t\t\t\t\t\t\t\t<h2>Romania<\/h2>\t\t\t\t\t\t\t\t<\/div>\n\t\t\t\t<\/div>\n\t\t\t\t\t<\/div>\n\t\t\t\t<\/div>\n\t\t<div class=\"elementor-element elementor-element-3f2df5e e-flex e-con-boxed e-con e-parent\" data-id=\"3f2df5e\" data-element_type=\"container\" data-e-type=\"container\">\n\t\t\t\t\t<div class=\"e-con-inner\">\n\t\t\t\t<div class=\"elementor-element elementor-element-c8e76e9 elementor-widget elementor-widget-google_maps\" data-id=\"c8e76e9\" data-element_type=\"widget\" data-e-type=\"widget\" data-widget_type=\"google_maps.default\">\n\t\t\t\t<div class=\"elementor-widget-container\">\n\t\t\t\t\t\t\t<div class=\"elementor-custom-embed\">\n\t\t\t<iframe loading=\"lazy\"\n\t\t\t\t\tsrc=\"https:\/\/maps.google.com\/maps?q=Cemalpa%C5%9Fa%20Mah.%20%20Bahar%20Cad.%20%20No%3A%2035%20Seyhan%2C%20Adana&#038;t=m&#038;z=17&#038;output=embed&#038;iwloc=near\"\n\t\t\t\t\ttitle=\"Cemalpa\u015fa Mah.  Bahar Cad.  No: 35 Seyhan, Adana\"\n\t\t\t\t\taria-label=\"Cemalpa\u015fa Mah.  Bahar Cad.  No: 35 Seyhan, Adana\"\n\t\t\t><\/iframe>\n\t\t<\/div>\n\t\t\t\t\t\t<\/div>\n\t\t\t\t<\/div>\n\t\t\t\t<div class=\"elementor-element elementor-element-47d53cc elementor-widget elementor-widget-google_maps\" data-id=\"47d53cc\" data-element_type=\"widget\" data-e-type=\"widget\" data-widget_type=\"google_maps.default\">\n\t\t\t\t<div class=\"elementor-widget-container\">\n\t\t\t\t\t\t\t<div class=\"elementor-custom-embed\">\n\t\t\t<iframe loading=\"lazy\"\n\t\t\t\t\tsrc=\"https:\/\/maps.google.com\/maps?q=Blazo%20Orlandikj%20%2042%2C%20Skopje&#038;t=m&#038;z=16&#038;output=embed&#038;iwloc=near\"\n\t\t\t\t\ttitle=\"Blazo Orlandikj  42, Skopje\"\n\t\t\t\t\taria-label=\"Blazo Orlandikj  42, Skopje\"\n\t\t\t><\/iframe>\n\t\t<\/div>\n\t\t\t\t\t\t<\/div>\n\t\t\t\t<\/div>\n\t\t\t\t<div class=\"elementor-element elementor-element-461a827 elementor-widget elementor-widget-google_maps\" data-id=\"461a827\" data-element_type=\"widget\" data-e-type=\"widget\" data-widget_type=\"google_maps.default\">\n\t\t\t\t<div class=\"elementor-widget-container\">\n\t\t\t\t\t\t\t<div class=\"elementor-custom-embed\">\n\t\t\t<iframe loading=\"lazy\"\n\t\t\t\t\tsrc=\"https:\/\/maps.google.com\/maps?q=Strada%20Inginer%20Sl%C4%83niceanu%20Nicolae%2028%2C%20Bucharest&#038;t=m&#038;z=17&#038;output=embed&#038;iwloc=near\"\n\t\t\t\t\ttitle=\"Strada Inginer Sl\u0103niceanu Nicolae 28, Bucharest\"\n\t\t\t\t\taria-label=\"Strada Inginer Sl\u0103niceanu Nicolae 28, Bucharest\"\n\t\t\t><\/iframe>\n\t\t<\/div>\n\t\t\t\t\t\t<\/div>\n\t\t\t\t<\/div>\n\t\t\t\t\t<\/div>\n\t\t\t\t<\/div>\n\t\t\t\t<\/div>\n\t\t\n    <div class=\"xs_social_share_widget xs_share_url after_content \t\tmain_content  wslu-style-1 wslu-share-box-shaped wslu-fill-colored wslu-none wslu-share-horizontal wslu-theme-font-no wslu-main_content\">\n\n\t\t\n        <ul>\n\t\t\t        <\/ul>\n    <\/div>","protected":false},"excerpt":{"rendered":"<p>CONNECT WITH US OUR CONTACTS Cum sociis natoque penatibus et magnis dis parturient montes, nascetur ridiculus mus. Fusce tempus odio vitae nibh semper, ac venenatis<span class=\"more-dots\">&#8230;<\/span> <span class=\"more-tag\"><a class=\"more-link\" href=\"https:\/\/adameglobal.com\/tr\/contacts\/\">Read more<span class=\"screen-reader-text\"> \"Contacts\"<\/span><\/a><\/span><!-- .more-tag --><\/p>","protected":false},"author":1,"featured_media":0,"parent":0,"menu_order":0,"comment_status":"closed","ping_status":"closed","template":"page-templates\/full-width.php","meta":{"_monsterinsights_skip_tracking":false,"_monsterinsights_sitenote_active":false,"_monsterinsights_sitenote_note":"","_monsterinsights_sitenote_category":0,"footnotes":""},"class_list":["post-3490","page","type-page","status-publish","hentry"],"_links":{"self":[{"href":"https:\/\/adameglobal.com\/tr\/wp-json\/wp\/v2\/pages\/3490","targetHints":{"allow":["GET"]}}],"collection":[{"href":"https:\/\/adameglobal.com\/tr\/wp-json\/wp\/v2\/pages"}],"about":[{"href":"https:\/\/adameglobal.com\/tr\/wp-json\/wp\/v2\/types\/page"}],"author":[{"embeddable":true,"href":"https:\/\/adameglobal.com\/tr\/wp-json\/wp\/v2\/users\/1"}],"replies":[{"embeddable":true,"href":"https:\/\/adameglobal.com\/tr\/wp-json\/wp\/v2\/comments?post=3490"}],"version-history":[{"count":5,"href":"https:\/\/adameglobal.com\/tr\/wp-json\/wp\/v2\/pages\/3490\/revisions"}],"predecessor-version":[{"id":4066,"href":"https:\/\/adameglobal.com\/tr\/wp-json\/wp\/v2\/pages\/3490\/revisions\/4066"}],"wp:attachment":[{"href":"https:\/\/adameglobal.com\/tr\/wp-json\/wp\/v2\/media?parent=3490"}],"curies":[{"name":"wp","href":"https:\/\/api.w.org\/{rel}","templated":true}]}}